{"id":69,"date":"2018-03-28T19:08:29","date_gmt":"2018-03-28T19:08:29","guid":{"rendered":"https:\/\/u0090719390.user.hosting-agency.de\/wp\/?page_id=69"},"modified":"2018-04-03T19:52:56","modified_gmt":"2018-04-03T19:52:56","slug":"gewerbe","status":"publish","type":"page","link":"https:\/\/frankenluftbild.de\/?page_id=69","title":{"rendered":"Gewerbe"},"content":{"rendered":"<h3><b>Luftbilder f\u00fcr Industrie, Gewerbe, Werbung und Marketing<\/b><\/h3>\n<p><img loading=\"lazy\" decoding=\"async\" class=\"alignnone wp-image-100 size-full\" src=\"https:\/\/u0090719390.user.hosting-agency.de\/wp\/wp-content\/uploads\/2018\/04\/industrie.jpg\" alt=\"Luftbilder f\u00fcr Industrie, Gewerbe, Werbung und Marketing\" width=\"600\" height=\"360\" srcset=\"https:\/\/frankenluftbild.de\/wp-content\/uploads\/2018\/04\/industrie.jpg 600w, https:\/\/frankenluftbild.de\/wp-content\/uploads\/2018\/04\/industrie-300x180.jpg 300w\" sizes=\"(max-width: 600px) 100vw, 600px\" \/><\/p>\n<p><b>Zeigen Sie, was Sie haben!<\/b><\/p>\n<p>Sie m\u00f6chten einem Gesch\u00e4ftspartner oder zuk\u00fcnftigem Kunden zeigen, wie gro\u00df Ihr Unternehmen ist? Oder Sie haben eine besonders gute Anbindung an die Infrastruktur und m\u00f6chten diese hervorheben? Nichts eignet sich daf\u00fcr besser, als ein aktuelles Luftbild.<\/p>\n<p>Eine Aufnahme von Frankenluftbild d\u00fcrfen Sie f\u00fcr Ihre Werbung und Marketing lizenzfrei verwenden, sei es im Internet, f\u00fcr Printmedien, Filmproduktionen oder TV-Spots.<br \/>\nFordern Sie bitte ein unverbindliches Angebot an.<\/p>\n","protected":false},"excerpt":{"rendered":"<p>Luftbilder f\u00fcr Industrie, Gewerbe, Werbung und Marketing Zeigen Sie, was Sie haben! Sie m\u00f6chten einem Gesch\u00e4ftspartner oder zuk\u00fcnftigem Kunden zeigen, wie gro\u00df Ihr Unternehmen ist? Oder Sie haben eine besonders gute Anbindung an die Infrastruktur und m\u00f6chten diese hervorheben? Nichts<\/p>\n","protected":false},"author":2,"featured_media":0,"parent":0,"menu_order":0,"comment_status":"closed","ping_status":"closed","template":"","meta":{"footnotes":""},"_links":{"self":[{"href":"https:\/\/frankenluftbild.de\/index.php?rest_route=\/wp\/v2\/pages\/69"}],"collection":[{"href":"https:\/\/frankenluftbild.de\/index.php?rest_route=\/wp\/v2\/pages"}],"about":[{"href":"https:\/\/frankenluftbild.de\/index.php?rest_route=\/wp\/v2\/types\/page"}],"author":[{"embeddable":true,"href":"https:\/\/frankenluftbild.de\/index.php?rest_route=\/wp\/v2\/users\/2"}],"replies":[{"embeddable":true,"href":"https:\/\/frankenluftbild.de\/index.php?rest_route=%2Fwp%2Fv2%2Fcomments&post=69"}],"version-history":[{"count":4,"href":"https:\/\/frankenluftbild.de\/index.php?rest_route=\/wp\/v2\/pages\/69\/revisions"}],"predecessor-version":[{"id":106,"href":"https:\/\/frankenluftbild.de\/index.php?rest_route=\/wp\/v2\/pages\/69\/revisions\/106"}],"wp:attachment":[{"href":"https:\/\/frankenluftbild.de\/index.php?rest_route=%2Fwp%2Fv2%2Fmedia&parent=69"}],"curies":[{"name":"wp","href":"https:\/\/api.w.org\/{rel}","templated":true}]}}